{"id":2367,"date":"2025-12-31T14:04:16","date_gmt":"2025-12-31T13:04:16","guid":{"rendered":"https:\/\/uom.org.ar\/?page_id=2367"},"modified":"2025-12-31T14:18:56","modified_gmt":"2025-12-31T13:18:56","slug":"uomturismo-hoteleria","status":"publish","type":"page","link":"https:\/\/uom.org.ar\/?page_id=2367","title":{"rendered":"Hoteler\u00eda"},"content":{"rendered":"\t\t<div data-elementor-type=\"wp-page\" data-elementor-id=\"2367\" class=\"elementor elementor-2367\" data-elementor-post-type=\"page\">\n\t\t\t\t\t\t\t<div class=\"elementor-element elementor-element-503e72e e-flex e-con-boxed e-con e-parent\" data-id=\"503e72e\" data-element_type=\"container\" data-settings=\"{&quot;content_width&quot;:&quot;boxed&quot;}\" data-core-v316-plus=\"true\">\n\t\t\t\t\t<div class=\"e-con-inner\">\n\t\t\t\t<div class=\"elementor-element elementor-element-d57a243 elementor-widget elementor-widget-image\" data-id=\"d57a243\" data-element_type=\"widget\" data-widget_type=\"image.default\">\n\t\t\t\t<div class=\"elementor-widget-container\">\n\t\t\t<style>\/*! elementor - v3.18.0 - 20-12-2023 *\/\n.elementor-widget-image{text-align:center}.elementor-widget-image a{display:inline-block}.elementor-widget-image a img[src$=\".svg\"]{width:48px}.elementor-widget-image img{vertical-align:middle;display:inline-block}<\/style>\t\t\t\t\t\t\t\t\t\t\t\t<img fetchpriority=\"high\" decoding=\"async\" width=\"800\" height=\"140\" src=\"https:\/\/uom.org.ar\/wp-content\/uploads\/2025\/12\/MDQ-Banner.jpg\" class=\"attachment-large size-large wp-image-1819\" alt=\"\" \/>\t\t\t\t\t\t\t\t\t\t\t\t\t\t\t<\/div>\n\t\t\t\t<\/div>\n\t\t\t\t<div class=\"elementor-element elementor-element-e886d20 elementor-widget elementor-widget-text-editor\" data-id=\"e886d20\" data-element_type=\"widget\" data-widget_type=\"text-editor.default\">\n\t\t\t\t<div class=\"elementor-widget-container\">\n\t\t\t<style>\/*! elementor - v3.18.0 - 20-12-2023 *\/\n.elementor-widget-text-editor.elementor-drop-cap-view-stacked .elementor-drop-cap{background-color:#69727d;color:#fff}.elementor-widget-text-editor.elementor-drop-cap-view-framed .elementor-drop-cap{color:#69727d;border:3px solid;background-color:transparent}.elementor-widget-text-editor:not(.elementor-drop-cap-view-default) .elementor-drop-cap{margin-top:8px}.elementor-widget-text-editor:not(.elementor-drop-cap-view-default) .elementor-drop-cap-letter{width:1em;height:1em}.elementor-widget-text-editor .elementor-drop-cap{float:left;text-align:center;line-height:1;font-size:50px}.elementor-widget-text-editor .elementor-drop-cap-letter{display:inline-block}<\/style>\t\t\t\t<p><span style=\"color: #000000;\">Esta es la oferta de complejos hoteleros con los que la familia metal\u00fargica dispone a lo largo y a lo ancho de todo el pa\u00eds. Las tarifas para afiliados, afiliadas y sus grupos familiares est\u00e1n bonificadas, pero var\u00edan seg\u00fan el destino y las reservas est\u00e1n sujetas a la disponibilidad de cada establecimiento. Adem\u00e1s, pod\u00e9s consultar la secci\u00f3n Beneficios para conocer m\u00e1s opciones de hoteles conveniados con UOMRA y a los que pod\u00e9s acceder con descuentos especiales. Para m\u00e1s informaci\u00f3n, comunicate con tu seccional.<\/span><\/p>\t\t\t\t\t\t<\/div>\n\t\t\t\t<\/div>\n\t\t\t\t<div class=\"elementor-element elementor-element-e49957f elementor-grid-3 elementor-grid-tablet-2 elementor-grid-mobile-1 elementor-posts--thumbnail-top elementor-widget elementor-widget-posts\" data-id=\"e49957f\" data-element_type=\"widget\" data-settings=\"{&quot;classic_columns&quot;:&quot;3&quot;,&quot;classic_columns_tablet&quot;:&quot;2&quot;,&quot;classic_columns_mobile&quot;:&quot;1&quot;,&quot;classic_row_gap&quot;:{&quot;unit&quot;:&quot;px&quot;,&quot;size&quot;:35,&quot;sizes&quot;:[]},&quot;classic_row_gap_tablet&quot;:{&quot;unit&quot;:&quot;px&quot;,&quot;size&quot;:&quot;&quot;,&quot;sizes&quot;:[]},&quot;classic_row_gap_mobile&quot;:{&quot;unit&quot;:&quot;px&quot;,&quot;size&quot;:&quot;&quot;,&quot;sizes&quot;:[]}}\" data-widget_type=\"posts.classic\">\n\t\t\t\t<div class=\"elementor-widget-container\">\n\t\t\t<link rel=\"stylesheet\" href=\"https:\/\/uom.org.ar\/wp-content\/plugins\/elementor-pro\/assets\/css\/widget-posts.min.css\">\t\t<div class=\"elementor-posts-container elementor-posts elementor-posts--skin-classic elementor-grid\">\n\t\t\t\t<article class=\"elementor-post elementor-grid-item post-1054 post type-post status-publish format-standard has-post-thumbnail hentry category-turismo category-hoteleria\">\n\t\t\t\t<a class=\"elementor-post__thumbnail__link\" href=\"https:\/\/uom.org.ar\/?p=1054\" tabindex=\"-1\" >\n\t\t\t<div class=\"elementor-post__thumbnail\"><img decoding=\"async\" width=\"1500\" height=\"610\" src=\"https:\/\/uom.org.ar\/wp-content\/uploads\/2025\/12\/obelisco-baverde-noche-luces1500x610.jpg\" class=\"attachment-full size-full wp-image-2203\" alt=\"\" \/><\/div>\n\t\t<\/a>\n\t\t\t\t<div class=\"elementor-post__text\">\n\t\t\t\t<h3 class=\"elementor-post__title\">\n\t\t\t<a href=\"https:\/\/uom.org.ar\/?p=1054\" >\n\t\t\t\tCiudad de Buenos Aires | Hotel UOMRA\t\t\t<\/a>\n\t\t<\/h3>\n\t\t\t\t<div class=\"elementor-post__meta-data\">\n\t\t\t\t\t<span class=\"elementor-post-date\">\n\t\t\t20 de diciembre de 2025\t\t<\/span>\n\t\t\t\t<\/div>\n\t\t\t\t<div class=\"elementor-post__excerpt\">\n\t\t\t<p>Ubicado a metros del Obelisco, emblema de Buenos Aires y de los centros de atracci\u00f3n m\u00e1s importantes de la ciudad, el hotel de la Uni\u00f3n Obrera Metal\u00fargica est\u00e1 preparado para que disfrutes de una estad\u00eda c\u00f3moda y segura.<\/p>\n\t\t<\/div>\n\t\t\n\t\t<a class=\"elementor-post__read-more\" href=\"https:\/\/uom.org.ar\/?p=1054\" aria-label=\"Read more about Ciudad de Buenos Aires | Hotel UOMRA\" tabindex=\"-1\" >\n\t\t\tLEER M\u00c1S\t\t<\/a>\n\n\t\t\t\t<\/div>\n\t\t\t\t<\/article>\n\t\t\t\t<article class=\"elementor-post elementor-grid-item post-1560 post type-post status-publish format-standard has-post-thumbnail hentry category-turismo category-hoteleria tag-carlos-paz tag-cronograma-2026 tag-ducal tag-hotel tag-hoteles tag-hoteles-uom tag-hoteles-uomra tag-libertador tag-mar-del-plata tag-temporada-2026 tag-turismo tag-turismo-sindical tag-verano tag-villa-carlos-paz\">\n\t\t\t\t<a class=\"elementor-post__thumbnail__link\" href=\"https:\/\/uom.org.ar\/?p=1560\" tabindex=\"-1\" >\n\t\t\t<div class=\"elementor-post__thumbnail\"><img decoding=\"async\" width=\"4000\" height=\"2250\" src=\"https:\/\/uom.org.ar\/wp-content\/uploads\/2025\/11\/Panoramica-1.jpg\" class=\"attachment-full size-full wp-image-1561\" alt=\"\" \/><\/div>\n\t\t<\/a>\n\t\t\t\t<div class=\"elementor-post__text\">\n\t\t\t\t<h3 class=\"elementor-post__title\">\n\t\t\t<a href=\"https:\/\/uom.org.ar\/?p=1560\" >\n\t\t\t\tMar del Plata, Buenos Aires | Hotel UOMRA (ex Ducal)\t\t\t<\/a>\n\t\t<\/h3>\n\t\t\t\t<div class=\"elementor-post__meta-data\">\n\t\t\t\t\t<span class=\"elementor-post-date\">\n\t\t\t14 de noviembre de 2025\t\t<\/span>\n\t\t\t\t<\/div>\n\t\t\t\t<div class=\"elementor-post__excerpt\">\n\t\t\t<p>Disfrut\u00e1 la temporada de verano 2026 en Mar del Plata aloj\u00e1ndote en el Hotel UOMRA (ex Ducal) y conoc\u00e9 las comodidades con las que cuenta la familia metal\u00fargica.<\/p>\n\t\t<\/div>\n\t\t\n\t\t<a class=\"elementor-post__read-more\" href=\"https:\/\/uom.org.ar\/?p=1560\" aria-label=\"Read more about Mar del Plata, Buenos Aires | Hotel UOMRA (ex Ducal)\" tabindex=\"-1\" >\n\t\t\tLEER M\u00c1S\t\t<\/a>\n\n\t\t\t\t<\/div>\n\t\t\t\t<\/article>\n\t\t\t\t<article class=\"elementor-post elementor-grid-item post-1865 post type-post status-publish format-standard has-post-thumbnail hentry category-turismo category-hoteleria tag-cordoba tag-cronograma-2026 tag-ex-libertador tag-hotel tag-hotel-uom tag-hotel-uomra tag-hoteleria tag-temporada-2026 tag-turismo tag-vacaciones tag-verano tag-villa-carlos-paz\">\n\t\t\t\t<a class=\"elementor-post__thumbnail__link\" href=\"https:\/\/uom.org.ar\/?p=1865\" tabindex=\"-1\" >\n\t\t\t<div class=\"elementor-post__thumbnail\"><img loading=\"lazy\" decoding=\"async\" width=\"1024\" height=\"576\" src=\"https:\/\/uom.org.ar\/wp-content\/uploads\/2024\/06\/CarlosPaz01-e1484611570680-1024x688-1.webp\" class=\"attachment-full size-full wp-image-1038\" alt=\"\" \/><\/div>\n\t\t<\/a>\n\t\t\t\t<div class=\"elementor-post__text\">\n\t\t\t\t<h3 class=\"elementor-post__title\">\n\t\t\t<a href=\"https:\/\/uom.org.ar\/?p=1865\" >\n\t\t\t\tVilla Carlos Paz, C\u00f3rdoba | Hotel UOMRA (ex Libertador)\t\t\t<\/a>\n\t\t<\/h3>\n\t\t\t\t<div class=\"elementor-post__meta-data\">\n\t\t\t\t\t<span class=\"elementor-post-date\">\n\t\t\t14 de noviembre de 2025\t\t<\/span>\n\t\t\t\t<\/div>\n\t\t\t\t<div class=\"elementor-post__excerpt\">\n\t\t\t<p>Esta temporada 2026, disfrut\u00e1 de la belleza de Villa Carlos Paz aloj\u00e1ndote en el Hotel UOMRA (ex Libertador) y aprovech\u00e1 el verano con una completa oferta de servicios.<\/p>\n\t\t<\/div>\n\t\t\n\t\t<a class=\"elementor-post__read-more\" href=\"https:\/\/uom.org.ar\/?p=1865\" aria-label=\"Read more about Villa Carlos Paz, C\u00f3rdoba | Hotel UOMRA (ex Libertador)\" tabindex=\"-1\" >\n\t\t\tLEER M\u00c1S\t\t<\/a>\n\n\t\t\t\t<\/div>\n\t\t\t\t<\/article>\n\t\t\t\t<article class=\"elementor-post elementor-grid-item post-1660 post type-post status-publish format-standard has-post-thumbnail hentry category-turismo category-hoteleria tag-cordoba tag-cronograma-2026 tag-hotel tag-hoteles tag-la-falda tag-temporada-2026 tag-turismo tag-vacaciones tag-verano\">\n\t\t\t\t<a class=\"elementor-post__thumbnail__link\" href=\"https:\/\/uom.org.ar\/?p=1660\" tabindex=\"-1\" >\n\t\t\t<div class=\"elementor-post__thumbnail\"><img loading=\"lazy\" decoding=\"async\" width=\"1200\" height=\"675\" src=\"https:\/\/uom.org.ar\/wp-content\/uploads\/2025\/11\/la-falda-cordoba-4png.png\" class=\"attachment-full size-full wp-image-1670\" alt=\"\" \/><\/div>\n\t\t<\/a>\n\t\t\t\t<div class=\"elementor-post__text\">\n\t\t\t\t<h3 class=\"elementor-post__title\">\n\t\t\t<a href=\"https:\/\/uom.org.ar\/?p=1660\" >\n\t\t\t\tLa Falda, C\u00f3rdoba | Hotel Santa B\u00e1rbara\t\t\t<\/a>\n\t\t<\/h3>\n\t\t\t\t<div class=\"elementor-post__meta-data\">\n\t\t\t\t\t<span class=\"elementor-post-date\">\n\t\t\t13 de noviembre de 2025\t\t<\/span>\n\t\t\t\t<\/div>\n\t\t\t\t<div class=\"elementor-post__excerpt\">\n\t\t\t<p>Disfrut\u00e1 el verano en el Hotel Santa B\u00e1rbara de La Falda. Opciones con desayuno incluido, media pensi\u00f3n y pensi\u00f3n completa. <\/p>\n\t\t<\/div>\n\t\t\n\t\t<a class=\"elementor-post__read-more\" href=\"https:\/\/uom.org.ar\/?p=1660\" aria-label=\"Read more about La Falda, C\u00f3rdoba | Hotel Santa B\u00e1rbara\" tabindex=\"-1\" >\n\t\t\tLEER M\u00c1S\t\t<\/a>\n\n\t\t\t\t<\/div>\n\t\t\t\t<\/article>\n\t\t\t\t<\/div>\n\t\t\n\t\t\t\t<\/div>\n\t\t\t\t<\/div>\n\t\t\t\t<div class=\"elementor-element elementor-element-5054fe0 elementor-widget elementor-widget-spacer\" data-id=\"5054fe0\" data-element_type=\"widget\" data-widget_type=\"spacer.default\">\n\t\t\t\t<div class=\"elementor-widget-container\">\n\t\t\t<style>\/*! elementor - v3.18.0 - 20-12-2023 *\/\n.elementor-column .elementor-spacer-inner{height:var(--spacer-size)}.e-con{--container-widget-width:100%}.e-con-inner>.elementor-widget-spacer,.e-con>.elementor-widget-spacer{width:var(--container-widget-width,var(--spacer-size));--align-self:var(--container-widget-align-self,initial);--flex-shrink:0}.e-con-inner>.elementor-widget-spacer>.elementor-widget-container,.e-con>.elementor-widget-spacer>.elementor-widget-container{height:100%;width:100%}.e-con-inner>.elementor-widget-spacer>.elementor-widget-container>.elementor-spacer,.e-con>.elementor-widget-spacer>.elementor-widget-container>.elementor-spacer{height:100%}.e-con-inner>.elementor-widget-spacer>.elementor-widget-container>.elementor-spacer>.elementor-spacer-inner,.e-con>.elementor-widget-spacer>.elementor-widget-container>.elementor-spacer>.elementor-spacer-inner{height:var(--container-widget-height,var(--spacer-size))}.e-con-inner>.elementor-widget-spacer.elementor-widget-empty,.e-con>.elementor-widget-spacer.elementor-widget-empty{position:relative;min-height:22px;min-width:22px}.e-con-inner>.elementor-widget-spacer.elementor-widget-empty .elementor-widget-empty-icon,.e-con>.elementor-widget-spacer.elementor-widget-empty .elementor-widget-empty-icon{position:absolute;top:0;bottom:0;left:0;right:0;margin:auto;padding:0;width:22px;height:22px}<\/style>\t\t<div class=\"elementor-spacer\">\n\t\t\t<div class=\"elementor-spacer-inner\"><\/div>\n\t\t<\/div>\n\t\t\t\t<\/div>\n\t\t\t\t<\/div>\n\t\t\t\t<div class=\"elementor-element elementor-element-c5803e6 elementor-align-center elementor-widget elementor-widget-button\" data-id=\"c5803e6\" data-element_type=\"widget\" data-widget_type=\"button.default\">\n\t\t\t\t<div class=\"elementor-widget-container\">\n\t\t\t\t\t<div class=\"elementor-button-wrapper\">\n\t\t\t<a class=\"elementor-button elementor-button-link elementor-size-lg\" href=\"https:\/\/uom.org.ar\/?cat=15\">\n\t\t\t\t\t\t<span class=\"elementor-button-content-wrapper\">\n\t\t\t\t\t\t<span class=\"elementor-button-text\">VER M\u00c1S HOTELES CON DESCUENTO<\/span>\n\t\t<\/span>\n\t\t\t\t\t<\/a>\n\t\t<\/div>\n\t\t\t\t<\/div>\n\t\t\t\t<\/div>\n\t\t\t\t<div class=\"elementor-element elementor-element-1a3a431 elementor-widget elementor-widget-spacer\" data-id=\"1a3a431\" data-element_type=\"widget\" data-widget_type=\"spacer.default\">\n\t\t\t\t<div class=\"elementor-widget-container\">\n\t\t\t\t\t<div class=\"elementor-spacer\">\n\t\t\t<div class=\"elementor-spacer-inner\"><\/div>\n\t\t<\/div>\n\t\t\t\t<\/div>\n\t\t\t\t<\/div>\n\t\t\t\t\t<\/div>\n\t\t\t\t<\/div>\n\t\t<div class=\"elementor-element elementor-element-599ec17 e-flex e-con-boxed e-con e-parent\" data-id=\"599ec17\" data-element_type=\"container\" data-settings=\"{&quot;content_width&quot;:&quot;boxed&quot;}\" data-core-v316-plus=\"true\">\n\t\t\t\t\t<div class=\"e-con-inner\">\n\t\t\t\t\t<\/div>\n\t\t\t\t<\/div>\n\t\t\t\t\t\t\t<\/div>\n\t\t","protected":false},"excerpt":{"rendered":"<p>Esta es la oferta de complejos hoteleros con los que la familia metal\u00fargica dispone a lo largo y a lo ancho de todo el pa\u00eds. Las tarifas para afiliados, afiliadas y sus grupos familiares est\u00e1n bonificadas, pero var\u00edan seg\u00fan el destino y las reservas est\u00e1n sujetas a la disponibilidad de cada establecimiento. Adem\u00e1s, pod\u00e9s consultar [&hellip;]<\/p>\n","protected":false},"author":5,"featured_media":0,"parent":0,"menu_order":0,"comment_status":"closed","ping_status":"closed","template":"","meta":{"footnotes":""},"class_list":["post-2367","page","type-page","status-publish","hentry"],"_links":{"self":[{"href":"https:\/\/uom.org.ar\/index.php?rest_route=\/wp\/v2\/pages\/2367","targetHints":{"allow":["GET"]}}],"collection":[{"href":"https:\/\/uom.org.ar\/index.php?rest_route=\/wp\/v2\/pages"}],"about":[{"href":"https:\/\/uom.org.ar\/index.php?rest_route=\/wp\/v2\/types\/page"}],"author":[{"embeddable":true,"href":"https:\/\/uom.org.ar\/index.php?rest_route=\/wp\/v2\/users\/5"}],"replies":[{"embeddable":true,"href":"https:\/\/uom.org.ar\/index.php?rest_route=%2Fwp%2Fv2%2Fcomments&post=2367"}],"version-history":[{"count":10,"href":"https:\/\/uom.org.ar\/index.php?rest_route=\/wp\/v2\/pages\/2367\/revisions"}],"predecessor-version":[{"id":2387,"href":"https:\/\/uom.org.ar\/index.php?rest_route=\/wp\/v2\/pages\/2367\/revisions\/2387"}],"wp:attachment":[{"href":"https:\/\/uom.org.ar\/index.php?rest_route=%2Fwp%2Fv2%2Fmedia&parent=2367"}],"curies":[{"name":"wp","href":"https:\/\/api.w.org\/{rel}","templated":true}]}}